{"id":14,"date":"2020-04-27T15:54:32","date_gmt":"2020-04-27T15:54:32","guid":{"rendered":"https:\/\/dutchinnovisiongroup.com\/?page_id=14"},"modified":"2025-04-28T10:59:58","modified_gmt":"2025-04-28T08:59:58","slug":"contact","status":"publish","type":"page","link":"https:\/\/dutchinnovisiongroup.com\/index.php\/over-dig\/contact\/","title":{"rendered":"CONTACT"},"content":{"rendered":"\n<p class=\"has-text-align-center has-large-font-size\"><strong>Uw idee\u00ebn, onze expertise<\/strong><\/p>\n\n\n\n<p class=\"has-text-align-center has-cyan-bluish-gray-color has-text-color has-link-color has-medium-font-size wp-elements-bba5802547809b97f0a5924231344c4e\">Heeft u vragen, idee\u00ebn, of bent u ge\u00efnteresseerd in onze diensten? Neem dan gerust contact met ons op. Bij Dutch Innovision Group staan we klaar om uw visie te realiseren. Uw dromen verdienen onze aandacht!<\/p>\n\n\n\n<div style=\"height:50px\" aria-hidden=\"true\" class=\"wp-block-spacer\"><\/div>\n\n\n\n<div class=\"wp-block-columns is-layout-flex wp-container-core-columns-is-layout-9d6595d7 wp-block-columns-is-layout-flex\">\n<div class=\"wp-block-column is-layout-flow wp-block-column-is-layout-flow\">\n<p class=\"has-text-align-center has-medium-font-size\"><strong>Dutch Innovision Group Nederland<\/strong><\/p>\n\n\n\n<p class=\"has-text-align-center has-cyan-bluish-gray-color has-text-color has-link-color has-medium-font-size wp-elements-247d9ae58eb43c92b0f1148cf33328cb\">Coolsingel 104<br>NL-3011AG Rotterdam<br>Nederland<br>+31 (0)10 30 20 880<br>office [at] dutchinnovisiongroup.com<\/p>\n<\/div>\n\n\n\n<div class=\"wp-block-column is-layout-flow wp-block-column-is-layout-flow\">\n<p class=\"has-text-align-center has-medium-font-size\"><strong>Dutch Innovision Group Belgi\u00eb<\/strong><\/p>\n\n\n\n<p class=\"has-text-align-center has-cyan-bluish-gray-color has-text-color has-link-color has-medium-font-size wp-elements-0d5636c2ba6e23519f7f6d6790ac638a\">Sint-Pietersvliet 7 (Q2-2025)<br>BE-2000 Antwerpen<br>Belgi\u00eb<br>+32 (0)3 80 84 238<br>office [at] dutchinnovisiongroup.com<\/p>\n<\/div>\n<\/div>\n\n\n\n<div class=\"wp-block-group is-vertical is-content-justification-stretch is-layout-flex wp-container-core-group-is-layout-357ae8d3 wp-block-group-is-layout-flex\">\n<div class=\"wp-block-contact-form-7-contact-form-selector\">\n<div class=\"wpcf7 no-js\" id=\"wpcf7-f321-o1\" lang=\"en-US\" dir=\"ltr\" data-wpcf7-id=\"321\">\n<div class=\"screen-reader-response\"><p role=\"status\" aria-live=\"polite\" aria-atomic=\"true\"><\/p> <ul><\/ul><\/div>\n<form action=\"\/index.php\/wp-json\/wp\/v2\/pages\/14#wpcf7-f321-o1\" method=\"post\" class=\"wpcf7-form init\" aria-label=\"Contact form\" novalidate=\"novalidate\" data-status=\"init\">\n<fieldset class=\"hidden-fields-container\"><input type=\"hidden\" name=\"_wpcf7\" value=\"321\" \/><input type=\"hidden\" name=\"_wpcf7_version\" value=\"6.1.5\" \/><input type=\"hidden\" name=\"_wpcf7_locale\" value=\"en_US\" \/><input type=\"hidden\" name=\"_wpcf7_unit_tag\" value=\"wpcf7-f321-o1\" \/><input type=\"hidden\" name=\"_wpcf7_container_post\" value=\"0\" \/><input type=\"hidden\" name=\"_wpcf7_posted_data_hash\" value=\"\" \/>\n<\/fieldset>\n<p><label> Uw naam<br \/>\n<span class=\"wpcf7-form-control-wrap\" data-name=\"your-name\"><input size=\"40\" maxlength=\"400\" class=\"wpcf7-form-control wpcf7-text wpcf7-validates-as-required\" autocomplete=\"name\" aria-required=\"true\" aria-invalid=\"false\" value=\"\" type=\"text\" name=\"your-name\" \/><\/span> <\/label>\n<\/p>\n<p><label> Uw mailadres<br \/>\n<span class=\"wpcf7-form-control-wrap\" data-name=\"your-email\"><input size=\"40\" maxlength=\"400\" class=\"wpcf7-form-control wpcf7-email wpcf7-validates-as-required wpcf7-text wpcf7-validates-as-email\" autocomplete=\"email\" aria-required=\"true\" aria-invalid=\"false\" value=\"\" type=\"email\" name=\"your-email\" \/><\/span> <\/label>\n<\/p>\n<p><label> Onderwerp<br \/>\n<span class=\"wpcf7-form-control-wrap\" data-name=\"your-subject\"><input size=\"40\" maxlength=\"400\" class=\"wpcf7-form-control wpcf7-text wpcf7-validates-as-required\" aria-required=\"true\" aria-invalid=\"false\" value=\"\" type=\"text\" name=\"your-subject\" \/><\/span> <\/label>\n<\/p>\n<p><label> Uw bericht (optioneel)<br \/>\n<span class=\"wpcf7-form-control-wrap\" data-name=\"your-message\"><textarea cols=\"40\" rows=\"10\" maxlength=\"2000\" class=\"wpcf7-form-control wpcf7-textarea\" aria-invalid=\"false\" name=\"your-message\"><\/textarea><\/span> <\/label>\n<\/p>\n<p><input class=\"wpcf7-form-control wpcf7-submit has-spinner\" type=\"submit\" value=\"Verzenden\" \/>\n<\/p><div class=\"wpcf7-response-output\" aria-hidden=\"true\"><\/div>\n<\/form>\n<\/div>\n<\/div>\n<\/div>\n","protected":false},"excerpt":{"rendered":"<p>Uw idee\u00ebn, onze expertise Heeft u vragen, idee\u00ebn, of bent u ge\u00efnteresseerd in onze diensten? Neem dan gerust contact met ons op. Bij Dutch Innovision Group staan we klaar om uw visie te realiseren. Uw dromen verdienen onze aandacht! Dutch Innovision Group Nederland Coolsingel 104NL-3011AG RotterdamNederland+31 (0)10 30 20 880office [at] dutchinnovisiongroup.com Dutch Innovision Group [&hellip;]<\/p>\n","protected":false},"author":3,"featured_media":0,"parent":13,"menu_order":402,"comment_status":"closed","ping_status":"closed","template":"","meta":{"footnotes":""},"class_list":["post-14","page","type-page","status-publish","hentry"],"_links":{"self":[{"href":"https:\/\/dutchinnovisiongroup.com\/index.php\/wp-json\/wp\/v2\/pages\/14","targetHints":{"allow":["GET"]}}],"collection":[{"href":"https:\/\/dutchinnovisiongroup.com\/index.php\/wp-json\/wp\/v2\/pages"}],"about":[{"href":"https:\/\/dutchinnovisiongroup.com\/index.php\/wp-json\/wp\/v2\/types\/page"}],"author":[{"embeddable":true,"href":"https:\/\/dutchinnovisiongroup.com\/index.php\/wp-json\/wp\/v2\/users\/3"}],"replies":[{"embeddable":true,"href":"https:\/\/dutchinnovisiongroup.com\/index.php\/wp-json\/wp\/v2\/comments?post=14"}],"version-history":[{"count":39,"href":"https:\/\/dutchinnovisiongroup.com\/index.php\/wp-json\/wp\/v2\/pages\/14\/revisions"}],"predecessor-version":[{"id":775,"href":"https:\/\/dutchinnovisiongroup.com\/index.php\/wp-json\/wp\/v2\/pages\/14\/revisions\/775"}],"up":[{"embeddable":true,"href":"https:\/\/dutchinnovisiongroup.com\/index.php\/wp-json\/wp\/v2\/pages\/13"}],"wp:attachment":[{"href":"https:\/\/dutchinnovisiongroup.com\/index.php\/wp-json\/wp\/v2\/media?parent=14"}],"curies":[{"name":"wp","href":"https:\/\/api.w.org\/{rel}","templated":true}]}}